{"id":80856,"date":"2025-11-25T15:30:37","date_gmt":"2025-11-25T14:30:37","guid":{"rendered":"https:\/\/fsmcv.org\/?post_type=product&#038;p=80856"},"modified":"2025-11-27T14:15:08","modified_gmt":"2025-11-27T13:15:08","slug":"partitura-la-torre-del-rey-copia","status":"publish","type":"product","link":"https:\/\/fsmcv.org\/vl\/tenda\/partitures\/obres-per-a-banda-simfonica\/partitura-la-torre-del-rey-copia\/","title":{"rendered":"Partitura Una Orquesta en el Cielo"},"content":{"rendered":"<p><strong>Una Orquesta en el Cielo.<\/strong><\/p>\n<p>Des dels 17 anys he tractat de trobar un balan\u00e7 entre dos aspectes fonamentals de la meua vida. El primer \u00e9s la meua pr\u00e0ctica docent, la qual va sorgir de manera natural en mi i que he anat desenrotllant acad\u00e8micament sense detindre&#8217;m fins a la data, amb una dedicaci\u00f3 i obstinaci\u00f3 que espere no es detinguen per la resta de la meua vida. El segon \u00e9s la meua passi\u00f3 per la m\u00fasica, la qual he extrapolat a totes les facetes possibles de la meua pr\u00e0ctica professional, ja siga com a instrumentista, *orquestador, compositor, o vinculat a la producci\u00f3 musical i el disseny sonor.<\/p>\n<p>Amb la present obra busque fer una s\u00edntesi d&#8217;estos elements que han impactat la meua vida, i fer un digne homenatge a la mem\u00f2ria de 19 estudiants i 7 col\u00b7legues que vaig tindre la sort de con\u00e9ixer, amb els qui vaig compartir bells moments, i amb els quals vaig exercir les dos coses que em fan ser jo mateix: l&#8217;ensenyan\u00e7a i la m\u00fasica. La present obra no busca fer una cita de la trag\u00e8dia del 19 de setembre de 2017. Per contra, vol celebrar la vida d&#8217;estes 26 persones a trav\u00e9s del llenguatge que tenim m\u00e9s pr\u00f2xim al m\u00f3n metaf\u00edsic que \u00e9s la m\u00fasica. Cada element d&#8217;Una Orquestra en el Cel ha sigut generat a partir de l&#8217;an\u00e0lisi espectral dels instruments que solia tocar juntament amb els meus estudiants, en les xicotetes orquestres que desenrotllava dins de l&#8217;aula de classes.<\/p>\n<p>L&#8217;obra tracta d&#8217;abastar el ca\u00f2tic que pot ser el so en una orquestra d&#8217;iniciaci\u00f3 musical, al mateix temps que mostra el bell i satisfactori de veure el seu progr\u00e9s, per a finalment compartir el resultat amb un p\u00fablic i d&#8217;esta manera, generar eixe vincle m\u00e0gic que \u00e9s el resultat de les arts performatives, on col\u00b7laboren a l&#8217;un\u00edson creadors, int\u00e8rprets i audi\u00e8ncia.<\/p>\n","protected":false},"excerpt":{"rendered":"<p>UNA ORQUESTA EN EL CIELO: Obra per a banda composta per <strong>D. Mario Alberto Londo\u00f1o Calle.<\/strong><\/p>\n<p><em>Millor obra del M\u00e0ster Universitari en Composici\u00f3 Musical de la Universitat Internacional de Val\u00e8ncia &#8211; VIU, del curs 2023-2024.<\/em><\/p>\n","protected":false},"featured_media":80659,"template":"","meta":[],"product_brand":[],"product_cat":[589,405],"product_tag":[],"class_list":{"0":"post-80856","1":"product","2":"type-product","3":"status-publish","4":"has-post-thumbnail","6":"product_cat-obres-per-a-banda-simfonica","7":"product_cat-partitures","9":"first","10":"instock","11":"downloadable","12":"taxable","13":"shipping-taxable","14":"purchasable","15":"product-type-simple"},"_links":{"self":[{"href":"https:\/\/fsmcv.org\/vl\/wp-json\/wp\/v2\/product\/80856","targetHints":{"allow":["GET"]}}],"collection":[{"href":"https:\/\/fsmcv.org\/vl\/wp-json\/wp\/v2\/product"}],"about":[{"href":"https:\/\/fsmcv.org\/vl\/wp-json\/wp\/v2\/types\/product"}],"wp:featuredmedia":[{"embeddable":true,"href":"https:\/\/fsmcv.org\/vl\/wp-json\/wp\/v2\/media\/80659"}],"wp:attachment":[{"href":"https:\/\/fsmcv.org\/vl\/wp-json\/wp\/v2\/media?parent=80856"}],"wp:term":[{"taxonomy":"product_brand","embeddable":true,"href":"https:\/\/fsmcv.org\/vl\/wp-json\/wp\/v2\/product_brand?post=80856"},{"taxonomy":"product_cat","embeddable":true,"href":"https:\/\/fsmcv.org\/vl\/wp-json\/wp\/v2\/product_cat?post=80856"},{"taxonomy":"product_tag","embeddable":true,"href":"https:\/\/fsmcv.org\/vl\/wp-json\/wp\/v2\/product_tag?post=80856"}],"curies":[{"name":"wp","href":"https:\/\/api.w.org\/{rel}","templated":true}]}}