{"id":81465,"date":"2026-02-04T17:49:27","date_gmt":"2026-02-04T16:49:27","guid":{"rendered":"https:\/\/fsmcv.org\/tienda\/uncategorized\/partitura-el-bosc-dels-xiuxiueigs\/"},"modified":"2026-02-04T17:49:27","modified_gmt":"2026-02-04T16:49:27","slug":"partitura-el-bosc-dels-xiuxiueigs","status":"publish","type":"product","link":"https:\/\/fsmcv.org\/vl\/tenda\/partitures\/obres-pedagogiques\/partitura-el-bosc-dels-xiuxiueigs\/","title":{"rendered":"Partitura El Bosc dels Xiuxiueigs"},"content":{"rendered":"<p>Conte musical que narra la hist\u00f2ria del EL BOSC DELS XIUXIUEIGS (Bosc dels Murmuris), un bosc alegre i ple de vida que, de sobte, va veure com van comen\u00e7ar a destruir-lo amb m\u00e0quines i molt soroll. Els animals van haver de marxar-se, per\u00f2 no es van conformar i van decidir tornar per a reconstruir-ho i recuperar de nou l&#8217;alegria. <\/p>\n","protected":false},"excerpt":{"rendered":"<p>EL BOSC DEL XIUXIUEIGS: Obra pedag\u00f2gica composta per <strong> Sra. \u00c0ngela G\u00f3mez Vidal.<\/strong><\/p>\n<p><em>Obra guanyadora del PREMI ACC\u00c8SSIT de l&#8217;XI Concurs de Composici\u00f3 Did\u00e0ctica de la Prov\u00edncia d&#8217;Alacant per a Banda de M\u00fasica, organitzat per la Federaci\u00f3 de Societats Musicals de la Comunitat Valenciana i la Diputaci\u00f3 d&#8217;Alacant, 2025.<\/em><\/p>\n<p>El bosc dels xiuxiueigs \u00e9s una obra did\u00e0ctica <strong>per a ser interpretada per banda<\/strong>. \u00c9s ideal per a la realitzaci\u00f3 de concerts did\u00e0ctics.<\/p>\n","protected":false},"featured_media":81424,"template":"","meta":[],"product_brand":[],"product_cat":[591,405],"product_tag":[],"class_list":{"0":"post-81465","1":"product","2":"type-product","3":"status-publish","4":"has-post-thumbnail","6":"product_cat-obres-pedagogiques","7":"product_cat-partitures","8":"pa_formato-digital-descarregable","9":"pa_formato-fisic-digital","11":"first","12":"instock","13":"taxable","14":"shipping-taxable","15":"purchasable","16":"product-type-variable"},"_links":{"self":[{"href":"https:\/\/fsmcv.org\/vl\/wp-json\/wp\/v2\/product\/81465","targetHints":{"allow":["GET"]}}],"collection":[{"href":"https:\/\/fsmcv.org\/vl\/wp-json\/wp\/v2\/product"}],"about":[{"href":"https:\/\/fsmcv.org\/vl\/wp-json\/wp\/v2\/types\/product"}],"wp:featuredmedia":[{"embeddable":true,"href":"https:\/\/fsmcv.org\/vl\/wp-json\/wp\/v2\/media\/81424"}],"wp:attachment":[{"href":"https:\/\/fsmcv.org\/vl\/wp-json\/wp\/v2\/media?parent=81465"}],"wp:term":[{"taxonomy":"product_brand","embeddable":true,"href":"https:\/\/fsmcv.org\/vl\/wp-json\/wp\/v2\/product_brand?post=81465"},{"taxonomy":"product_cat","embeddable":true,"href":"https:\/\/fsmcv.org\/vl\/wp-json\/wp\/v2\/product_cat?post=81465"},{"taxonomy":"product_tag","embeddable":true,"href":"https:\/\/fsmcv.org\/vl\/wp-json\/wp\/v2\/product_tag?post=81465"}],"curies":[{"name":"wp","href":"https:\/\/api.w.org\/{rel}","templated":true}]}}